{"id":2478,"date":"2016-03-23T01:56:21","date_gmt":"2016-03-23T01:56:21","guid":{"rendered":"http:\/\/www.lapislazuli.cl\/?post_type=product&#038;p=2478"},"modified":"2016-03-23T01:58:57","modified_gmt":"2016-03-23T01:58:57","slug":"vasija-de-cobre-2","status":"publish","type":"product","link":"https:\/\/www.lapislazuli.cl\/en\/products\/decohome\/varios\/fuentes\/vasija-de-cobre-2\/","title":{"rendered":"COPPER BOWL"},"content":{"rendered":"<p>Bowl made of copper. Different sizes, designs and shapes. Fuente hecha de cobre al \u00e1cido.Diferentes tama\u00f1os, dise\u00f1os y formas.<\/p>\n","protected":false},"excerpt":{"rendered":"<p>Bowl made of copper. Different sizes, designs and shapes. Fuente hecha de cobre al \u00e1cido.Diferentes tama\u00f1os, dise\u00f1os y formas.<\/p>\n","protected":false},"featured_media":2479,"comment_status":"closed","ping_status":"closed","template":"","meta":[],"product_brand":[],"product_cat":[20,104,93],"product_tag":[],"class_list":{"0":"post-2478","1":"product","2":"type-product","3":"status-publish","4":"has-post-thumbnail","6":"product_cat-decohome","7":"product_cat-fuentes","8":"product_cat-fruteras","10":"first","11":"instock","12":"sale","13":"shipping-taxable","14":"purchasable","15":"product-type-simple"},"_links":{"self":[{"href":"https:\/\/www.lapislazuli.cl\/en\/wp-json\/wp\/v2\/product\/2478","targetHints":{"allow":["GET"]}}],"collection":[{"href":"https:\/\/www.lapislazuli.cl\/en\/wp-json\/wp\/v2\/product"}],"about":[{"href":"https:\/\/www.lapislazuli.cl\/en\/wp-json\/wp\/v2\/types\/product"}],"replies":[{"embeddable":true,"href":"https:\/\/www.lapislazuli.cl\/en\/wp-json\/wp\/v2\/comments?post=2478"}],"wp:featuredmedia":[{"embeddable":true,"href":"https:\/\/www.lapislazuli.cl\/en\/wp-json\/wp\/v2\/media\/2479"}],"wp:attachment":[{"href":"https:\/\/www.lapislazuli.cl\/en\/wp-json\/wp\/v2\/media?parent=2478"}],"wp:term":[{"taxonomy":"product_brand","embeddable":true,"href":"https:\/\/www.lapislazuli.cl\/en\/wp-json\/wp\/v2\/product_brand?post=2478"},{"taxonomy":"product_cat","embeddable":true,"href":"https:\/\/www.lapislazuli.cl\/en\/wp-json\/wp\/v2\/product_cat?post=2478"},{"taxonomy":"product_tag","embeddable":true,"href":"https:\/\/www.lapislazuli.cl\/en\/wp-json\/wp\/v2\/product_tag?post=2478"}],"curies":[{"name":"wp","href":"https:\/\/api.w.org\/{rel}","templated":true}]}}