{"id":2514,"date":"2016-12-07T12:39:04","date_gmt":"2016-12-07T12:39:04","guid":{"rendered":"http:\/\/www.lapislazuli.cl\/?post_type=product&#038;p=2514"},"modified":"2016-12-07T19:45:58","modified_gmt":"2016-12-07T19:45:58","slug":"egyptian-figure","status":"publish","type":"product","link":"https:\/\/www.lapislazuli.cl\/en\/products\/decohome\/varios\/figuras\/egyptian-figure\/","title":{"rendered":"FIGURA EGIPCIA"},"content":{"rendered":"<p>Egyptian Figure made of Lapislazuli, nacre, jasper and river pearl. Approximate measurements: 28 x 20 x 45 cms. Figura egipcia hecha de Lapisl\u00e1zuli, n\u00e1car, jaspe y perla de r\u00edo. Medidas aproximadas 28 x 20 x 45 cms<\/p>\n","protected":false},"excerpt":{"rendered":"<p>Egyptian Figure made of Lapislazuli, nacre, jasper and river pearl. Approximate measurements: 28 x 20 x 45 cms. Figura egipcia hecha de Lapisl\u00e1zuli, n\u00e1car, jaspe y perla de r\u00edo. Medidas aproximadas 28 x 20 x 45 cms<\/p>\n","protected":false},"featured_media":2510,"comment_status":"closed","ping_status":"closed","template":"","meta":[],"product_brand":[],"product_cat":[20,107,84,127],"product_tag":[],"class_list":{"0":"post-2514","1":"product","2":"type-product","3":"status-publish","4":"has-post-thumbnail","6":"product_cat-decohome","7":"product_cat-figuras","8":"product_cat-varios","9":"product_cat-novedades","11":"first","12":"instock","13":"sale","14":"shipping-taxable","15":"purchasable","16":"product-type-simple"},"_links":{"self":[{"href":"https:\/\/www.lapislazuli.cl\/en\/wp-json\/wp\/v2\/product\/2514","targetHints":{"allow":["GET"]}}],"collection":[{"href":"https:\/\/www.lapislazuli.cl\/en\/wp-json\/wp\/v2\/product"}],"about":[{"href":"https:\/\/www.lapislazuli.cl\/en\/wp-json\/wp\/v2\/types\/product"}],"replies":[{"embeddable":true,"href":"https:\/\/www.lapislazuli.cl\/en\/wp-json\/wp\/v2\/comments?post=2514"}],"wp:featuredmedia":[{"embeddable":true,"href":"https:\/\/www.lapislazuli.cl\/en\/wp-json\/wp\/v2\/media\/2510"}],"wp:attachment":[{"href":"https:\/\/www.lapislazuli.cl\/en\/wp-json\/wp\/v2\/media?parent=2514"}],"wp:term":[{"taxonomy":"product_brand","embeddable":true,"href":"https:\/\/www.lapislazuli.cl\/en\/wp-json\/wp\/v2\/product_brand?post=2514"},{"taxonomy":"product_cat","embeddable":true,"href":"https:\/\/www.lapislazuli.cl\/en\/wp-json\/wp\/v2\/product_cat?post=2514"},{"taxonomy":"product_tag","embeddable":true,"href":"https:\/\/www.lapislazuli.cl\/en\/wp-json\/wp\/v2\/product_tag?post=2514"}],"curies":[{"name":"wp","href":"https:\/\/api.w.org\/{rel}","templated":true}]}}